{"id":159,"date":"2023-06-21T10:42:31","date_gmt":"2023-06-21T08:42:31","guid":{"rendered":"http:\/\/giterelaislacroixblanche.fr\/?page_id=159"},"modified":"2024-12-31T10:32:27","modified_gmt":"2024-12-31T09:32:27","slug":"tarifs-2025","status":"publish","type":"page","link":"https:\/\/giterelaislacroixblanche.fr\/index.php\/tarifs-2025\/","title":{"rendered":"Tarifs 2025"},"content":{"rendered":"\t\t<div data-elementor-type=\"wp-page\" data-elementor-id=\"159\" class=\"elementor elementor-159\">\n\t\t\t\t\t\t<section class=\"elementor-section elementor-top-section elementor-element elementor-element-2f4dc30 elementor-section-boxed elementor-section-height-default elementor-section-height-default\" data-id=\"2f4dc30\" data-element_type=\"section\" data-e-type=\"section\">\n\t\t\t\t\t\t<div class=\"elementor-container elementor-column-gap-default\">\n\t\t\t\t\t<div class=\"elementor-column elementor-col-100 elementor-top-column elementor-element elementor-element-9805575\" data-id=\"9805575\" data-element_type=\"column\" data-e-type=\"column\">\n\t\t\t<div class=\"elementor-widget-wrap elementor-element-populated\">\n\t\t\t\t\t\t<div class=\"elementor-element elementor-element-df4bd4d elementor-widget elementor-widget-text-editor\" data-id=\"df4bd4d\" data-element_type=\"widget\" data-e-type=\"widget\" data-widget_type=\"text-editor.default\">\n\t\t\t\t<div class=\"elementor-widget-container\">\n\t\t\t\t\t\t\t\t\t<p>Nos tarifs :<\/p>\n<p>****<\/p>\n<p>P\u00e9riode creuse (octobre \u00e0 avril) : pour 1 nuit\u00e9e : 90,00 euros (minimum 2 nuits) \u2013 75,00 euros la 3\u00e8me nuit\u00e9e<\/p>\n<p>P\u00e9riode haute (mai\/juillet\/ao\u00fbt\/septembre) : pour 1 nuit\u00e9e : 110,00 euros (minimum 2 nuits) &#8211; 95,00 la 3\u00e8me nuit\u00e9e<\/p>\n<p>Ev\u00e8nements au mois de juin (autour du 6 et du 16 juin) : pour 1 nuit\u00e9e : 120,00 euros (minimum 3 nuits) &#8211; 100,00 la 3\u00e8me nuit\u00e9e<\/p>\n<p>****<\/p>\n<p>Pour une semaine :<\/p>\n<p>P\u00e9riode creuse (octobre \u00e0 avril) : 440,00 euros &#8211; 2\u00e8me semaine 400,00 euros<\/p>\n<p>P\u00e9riode haute (mai\/juillet\/ao\u00fbt\/septembre) : 540,00 euros &#8211; 2\u00e8me semaine 500,00 euros<\/p>\n<p>Vu les \u00e9v\u00e8nements exceptionnels du mois de juin : 600,00 euros &#8211; 2\u00e8me semaine 560,00 euros<\/p>\n<p>****<\/p>\n<p>Pour un mois :<\/p>\n<p>P\u00e9riode creuse (octobre \u00e0 avril) : 1500,00 euros &#8211; 2\u00e8me mois 1300,00 euros<\/p>\n<p>P\u00e9riode haute (mai\/juillet\/ao\u00fbt\/septembre) : 1800,00 euros &#8211; 2\u00e8me mois 1600 euros<\/p>\n<p>Vu les \u00e9v\u00e8nements exceptionnels du mois de juin, pas de r\u00e9servations au mois cette ann\u00e9e.<\/p>\n<p><\/p>\n<p>****<\/p>\n<p>Equipement disponible :<\/p>\n<p>Cuisine : ustensiles de cuisine, gazini\u00e8re, grille pain, bouilloire, cafeti\u00e8re, micro ondes, produits m\u00e9nagers de base, cong\u00e9lateur, r\u00e9frig\u00e9rateur, lave linge, fer \u00e0 repasser, aspirateur, torchons et \u00e9ponges, \u00e9tendoir \u00e0 linge, barbecue<\/p>\n<p>Salle de bain : douche et baignoire, serviettes de bain fournies (pr\u00e9venir du nombre de personnes lors de la r\u00e9servation), tapis de sortie de bain fournis<\/p>\n<p>Toilettes : s\u00e9par\u00e9<\/p>\n<p>Salle \u00e0 manger : coin repas, table \u00e0 manger<\/p>\n<p>Salon : canap\u00e9, t\u00e9l\u00e9vision, radio<\/p>\n<p>Jardin : mobilier d&rsquo;ext\u00e9rieur<\/p>\n<p>2 chambres : 1 lit 2 personnes (140) dans l&rsquo;une avec dressing + 1 lit 2 personnes (140) &amp; 1 lit 1 personne (90) avec armoire, dans l&rsquo;autre \u00e0 l&rsquo;\u00e9tage &#8211; canap\u00e9s sur la mezzanine qui m\u00e8ne aux chambres. prises \u00e0 disposition pr\u00e8s de chaque lit, oreillers et couettes, linge fournis&nbsp;<\/p>\n<p>Vue sur le jardin, \u00e9tablissement non fumeur, entr\u00e9e ind\u00e9pendante, jeux de soci\u00e9t\u00e9 et puzzles disponibles<\/p>\n<p>****<\/p>\n<p>Service possible de baby sitting sur r\u00e9servation.<\/p>\n<p>Animaux non admis<\/p>\n<p>****<\/p>\n<p>Horaires de location : \u00e0 voir en nous contactant, nous nous adaptons. Nous consulter, \u00e0 l&rsquo;adresse mail : <a href=\"mailto:relaislacroixblanche@gmail.com\" target=\"_blank\" rel=\"noopener\">relaislacroixblanche@gmail.com<\/a><\/p>\n<p>Pr\u00e9voir 30% \u00e0 la r\u00e9servation.<\/p>\n<p>****<\/p>\n<p>GRATUIT : wifi et frais de m\u00e9nage.&nbsp;<\/p>\n<p>****<br>Voyager en Normandie, que ce soit pour le travail ou pour le plaisir, c\u2019est l\u2019opportunit\u00e9 de vous arr\u00eater chez nous ! Rebaptis\u00e9 \u00ab Relais de la Croix Blanche \u00bb ce g\u00eete a d\u00e9j\u00e0 \u00e9t\u00e9 un relais.<br>En effet, la b\u00e2tisse initiale, bien que r\u00e9nov\u00e9e au fil de ses propri\u00e9taires et du temps, construite dans les ann\u00e9es 1800, a \u00e9t\u00e9 tour \u00e0 tour relais, \u00e9picerie, \u00e9cole, bar, lieu de culte, boulangerie\u2026. Et on ne sait sans doute pas tout !<br>Id\u00e9alement situ\u00e9 \u00e0 une extr\u00e9mit\u00e9 de la commune de Saint Germain d\u2019Elle, \u00e0 proximit\u00e9 de la for\u00eat de Cerisy, au carrefour des routes D66, D122, D031 et D11\u2026<br>Que vous destiniez votre s\u00e9jour \u00e0 des visites des plages du d\u00e9barquement, des d\u00e9couvertes plus dans les terres, ou que ce soit pour un s\u00e9jour professionnel, vous \u00eates ici \u00e0 proximit\u00e9 de plusieurs routes principales, pour vos d\u00e9placements, ce qui vous permet un acc\u00e8s facile \u00e0 la Nationale 13, \u00e0 l\u2019Autoroute 84, mais aussi les Routes Europ\u00e9ennes 3 et 46.<br>Ce g\u00eete, id\u00e9alement situ\u00e9, est \u00e9galement \u00e9quip\u00e9 pour vous recevoir en solo, en duo, en famille, ou entre amis.<br>Acc\u00e8s \u00e0 des places de parking, et au jardin qui borde l\u2019\u00e9tablissement.&nbsp;<\/p>\n<p>****<\/p>\n<p>R\u00e8glement int\u00e9rieur :<\/p>\n<p>Logement non fumeur (il est possible de fumer \u00e0 l&rsquo;ext\u00e9rieur, en jetant les m\u00e9gots dans la poubelle pour les ordures m\u00e9nag\u00e8res, dans le g\u00eete,). Le jardin situ\u00e9 entre le g\u00eete et les d\u00e9pendances est \u00e0 votre disposition, ainsi que le mobilier de jardin. Les animaux ne sont pas accept\u00e9s. Vous trouverez la direction \u00e0 prendre sur Google, ou Waze, sur lesquels le g\u00eete est r\u00e9f\u00e9renc\u00e9 sous son nom : La Croix Blanche \u00e0 Saint Germain d&rsquo;Elle. Par s\u00e9curit\u00e9 pour nos animaux, nous vous demandons de rouler au pas car 3 poules et 1 chat vivent sur la propri\u00e9t\u00e9. Il est interdit de nourrir les animaux sans autorisation, ni de les faire entrer dans le g\u00eete. Les rassemblements sont interdits, le g\u00eete et son parking sont \u00e0 la seule disposition du nombre de personnes stipul\u00e9 sur la r\u00e9servation. Il n&rsquo;est pas pr\u00e9vu d&rsquo;alimentation pour les v\u00e9hicules \u00e9lectriques, ni d&rsquo;arrosage des v\u00e9hicules. La participation au tri s\u00e9lectif est recommand\u00e9 : aucun r\u00e9cipient en verre n&rsquo;est accept\u00e9 dans les poubelles (vous pouvez pr\u00e9parer un sac et me le remettre si vous ne savez pas ou trouver les zones de gestion de d\u00e9chets) &#8211; La poubelle noire ne re\u00e7oit que vos ordures m\u00e9nag\u00e8res dans un sac ferm\u00e9 &#8211; La poubelle \u00e0 couvercle jaune ne re\u00e7oit que les r\u00e9cipient recyclables, non enferm\u00e9s dans un sac : plastique, carton, aluminium, papier. Un ch\u00e8que de caution de 200.00 euros vous sera demand\u00e9 en d\u00e9but de s\u00e9jour, pour les cas \u00e9ventuels de d\u00e9t\u00e9rioration de mat\u00e9riel et\/ou de m\u00e9nage non fait. Il vous sera restitu\u00e9 \u00e0 la fin du s\u00e9jour dans la mesure ou qu&rsquo;aucune casse ne sera \u00e0 d\u00e9plorer<\/p>\t\t\t\t\t\t\t\t<\/div>\n\t\t\t\t<\/div>\n\t\t\t\t\t<\/div>\n\t\t<\/div>\n\t\t\t\t\t<\/div>\n\t\t<\/section>\n\t\t\t\t<\/div>\n\t\t","protected":false},"excerpt":{"rendered":"<p>Nos tarifs : **** P\u00e9riode creuse (octobre \u00e0 avril) : pour 1 nuit\u00e9e : 90,00 euros (minimum 2 nuits) \u2013 75,00 euros la 3\u00e8me nuit\u00e9e P\u00e9riode haute (mai\/juillet\/ao\u00fbt\/septembre) : pour 1 nuit\u00e9e : 110,00 euros (minimum 2 nuits) &#8211; 95,00 la 3\u00e8me nuit\u00e9e Ev\u00e8nements au mois de juin (autour du 6 et du 16 juin) [&hellip;]<\/p>\n","protected":false},"author":1,"featured_media":0,"parent":0,"menu_order":0,"comment_status":"closed","ping_status":"closed","template":"","meta":{"ocean_post_layout":"","ocean_both_sidebars_style":"","ocean_both_sidebars_content_width":0,"ocean_both_sidebars_sidebars_width":0,"ocean_sidebar":"0","ocean_second_sidebar":"0","ocean_disable_margins":"enable","ocean_add_body_class":"","ocean_shortcode_before_top_bar":"","ocean_shortcode_after_top_bar":"","ocean_shortcode_before_header":"","ocean_shortcode_after_header":"","ocean_has_shortcode":"","ocean_shortcode_after_title":"","ocean_shortcode_before_footer_widgets":"","ocean_shortcode_after_footer_widgets":"","ocean_shortcode_before_footer_bottom":"","ocean_shortcode_after_footer_bottom":"","ocean_display_top_bar":"default","ocean_display_header":"default","ocean_header_style":"","ocean_center_header_left_menu":"0","ocean_custom_header_template":"0","ocean_custom_logo":0,"ocean_custom_retina_logo":0,"ocean_custom_logo_max_width":0,"ocean_custom_logo_tablet_max_width":0,"ocean_custom_logo_mobile_max_width":0,"ocean_custom_logo_max_height":0,"ocean_custom_logo_tablet_max_height":0,"ocean_custom_logo_mobile_max_height":0,"ocean_header_custom_menu":"0","ocean_menu_typo_font_family":"0","ocean_menu_typo_font_subset":"","ocean_menu_typo_font_size":0,"ocean_menu_typo_font_size_tablet":0,"ocean_menu_typo_font_size_mobile":0,"ocean_menu_typo_font_size_unit":"px","ocean_menu_typo_font_weight":"","ocean_menu_typo_font_weight_tablet":"","ocean_menu_typo_font_weight_mobile":"","ocean_menu_typo_transform":"","ocean_menu_typo_transform_tablet":"","ocean_menu_typo_transform_mobile":"","ocean_menu_typo_line_height":0,"ocean_menu_typo_line_height_tablet":0,"ocean_menu_typo_line_height_mobile":0,"ocean_menu_typo_line_height_unit":"","ocean_menu_typo_spacing":0,"ocean_menu_typo_spacing_tablet":0,"ocean_menu_typo_spacing_mobile":0,"ocean_menu_typo_spacing_unit":"","ocean_menu_link_color":"","ocean_menu_link_color_hover":"","ocean_menu_link_color_active":"","ocean_menu_link_background":"","ocean_menu_link_hover_background":"","ocean_menu_link_active_background":"","ocean_menu_social_links_bg":"","ocean_menu_social_hover_links_bg":"","ocean_menu_social_links_color":"","ocean_menu_social_hover_links_color":"","ocean_disable_title":"default","ocean_disable_heading":"default","ocean_post_title":"","ocean_post_subheading":"","ocean_post_title_style":"","ocean_post_title_background_color":"","ocean_post_title_background":0,"ocean_post_title_bg_image_position":"","ocean_post_title_bg_image_attachment":"","ocean_post_title_bg_image_repeat":"","ocean_post_title_bg_image_size":"","ocean_post_title_height":0,"ocean_post_title_bg_overlay":0.5,"ocean_post_title_bg_overlay_color":"","ocean_disable_breadcrumbs":"default","ocean_breadcrumbs_color":"","ocean_breadcrumbs_separator_color":"","ocean_breadcrumbs_links_color":"","ocean_breadcrumbs_links_hover_color":"","ocean_display_footer_widgets":"default","ocean_display_footer_bottom":"default","ocean_custom_footer_template":"0","footnotes":""},"class_list":["post-159","page","type-page","status-publish","hentry","entry"],"yoast_head":"<!-- This site is optimized with the Yoast SEO plugin v26.8 - https:\/\/yoast.com\/product\/yoast-seo-wordpress\/ -->\n<title>Tarifs 2025 - G\u00eete Le Relais de la Croix Blanche<\/title>\n<meta name=\"robots\" content=\"index, follow, max-snippet:-1, max-image-preview:large, max-video-preview:-1\" \/>\n<link rel=\"canonical\" href=\"https:\/\/giterelaislacroixblanche.fr\/index.php\/tarifs-2025\/\" \/>\n<meta property=\"og:locale\" content=\"fr_FR\" \/>\n<meta property=\"og:type\" content=\"article\" \/>\n<meta property=\"og:title\" content=\"Tarifs 2025 - G\u00eete Le Relais de la Croix Blanche\" \/>\n<meta property=\"og:description\" content=\"Nos tarifs : **** P\u00e9riode creuse (octobre \u00e0 avril) : pour 1 nuit\u00e9e : 90,00 euros (minimum 2 nuits) \u2013 75,00 euros la 3\u00e8me nuit\u00e9e P\u00e9riode haute (mai\/juillet\/ao\u00fbt\/septembre) : pour 1 nuit\u00e9e : 110,00 euros (minimum 2 nuits) &#8211; 95,00 la 3\u00e8me nuit\u00e9e Ev\u00e8nements au mois de juin (autour du 6 et du 16 juin) [&hellip;]\" \/>\n<meta property=\"og:url\" content=\"https:\/\/giterelaislacroixblanche.fr\/index.php\/tarifs-2025\/\" \/>\n<meta property=\"og:site_name\" content=\"G\u00eete Le Relais de la Croix Blanche\" \/>\n<meta property=\"article:modified_time\" content=\"2024-12-31T09:32:27+00:00\" \/>\n<meta name=\"twitter:card\" content=\"summary_large_image\" \/>\n<meta name=\"twitter:label1\" content=\"Dur\u00e9e de lecture estim\u00e9e\" \/>\n\t<meta name=\"twitter:data1\" content=\"4 minutes\" \/>\n<script type=\"application\/ld+json\" class=\"yoast-schema-graph\">{\"@context\":\"https:\/\/schema.org\",\"@graph\":[{\"@type\":\"WebPage\",\"@id\":\"https:\/\/giterelaislacroixblanche.fr\/index.php\/tarifs-2025\/\",\"url\":\"https:\/\/giterelaislacroixblanche.fr\/index.php\/tarifs-2025\/\",\"name\":\"Tarifs 2025 - G\u00eete Le Relais de la Croix Blanche\",\"isPartOf\":{\"@id\":\"https:\/\/giterelaislacroixblanche.fr\/#website\"},\"datePublished\":\"2023-06-21T08:42:31+00:00\",\"dateModified\":\"2024-12-31T09:32:27+00:00\",\"breadcrumb\":{\"@id\":\"https:\/\/giterelaislacroixblanche.fr\/index.php\/tarifs-2025\/#breadcrumb\"},\"inLanguage\":\"fr-FR\",\"potentialAction\":[{\"@type\":\"ReadAction\",\"target\":[\"https:\/\/giterelaislacroixblanche.fr\/index.php\/tarifs-2025\/\"]}]},{\"@type\":\"BreadcrumbList\",\"@id\":\"https:\/\/giterelaislacroixblanche.fr\/index.php\/tarifs-2025\/#breadcrumb\",\"itemListElement\":[{\"@type\":\"ListItem\",\"position\":1,\"name\":\"Accueil\",\"item\":\"https:\/\/giterelaislacroixblanche.fr\/\"},{\"@type\":\"ListItem\",\"position\":2,\"name\":\"Tarifs 2025\"}]},{\"@type\":\"WebSite\",\"@id\":\"https:\/\/giterelaislacroixblanche.fr\/#website\",\"url\":\"https:\/\/giterelaislacroixblanche.fr\/\",\"name\":\"G\u00eete Le Relais de la Croix Blanche\",\"description\":\"S\u00e9jours en Normandie\",\"publisher\":{\"@id\":\"https:\/\/giterelaislacroixblanche.fr\/#\/schema\/person\/73707193046225926a13feedf8dcaed1\"},\"potentialAction\":[{\"@type\":\"SearchAction\",\"target\":{\"@type\":\"EntryPoint\",\"urlTemplate\":\"https:\/\/giterelaislacroixblanche.fr\/?s={search_term_string}\"},\"query-input\":{\"@type\":\"PropertyValueSpecification\",\"valueRequired\":true,\"valueName\":\"search_term_string\"}}],\"inLanguage\":\"fr-FR\"},{\"@type\":[\"Person\",\"Organization\"],\"@id\":\"https:\/\/giterelaislacroixblanche.fr\/#\/schema\/person\/73707193046225926a13feedf8dcaed1\",\"name\":\"admin3672\",\"image\":{\"@type\":\"ImageObject\",\"inLanguage\":\"fr-FR\",\"@id\":\"https:\/\/giterelaislacroixblanche.fr\/#\/schema\/person\/image\/\",\"url\":\"https:\/\/secure.gravatar.com\/avatar\/d31b16a8808e14da55e5e521be47f33b?s=96&d=mm&r=g\",\"contentUrl\":\"https:\/\/secure.gravatar.com\/avatar\/d31b16a8808e14da55e5e521be47f33b?s=96&d=mm&r=g\",\"caption\":\"admin3672\"},\"logo\":{\"@id\":\"https:\/\/giterelaislacroixblanche.fr\/#\/schema\/person\/image\/\"},\"sameAs\":[\"http:\/\/giterelaislacroixblanche.fr\"]}]}<\/script>\n<!-- \/ Yoast SEO plugin. -->","yoast_head_json":{"title":"Tarifs 2025 - G\u00eete Le Relais de la Croix Blanche","robots":{"index":"index","follow":"follow","max-snippet":"max-snippet:-1","max-image-preview":"max-image-preview:large","max-video-preview":"max-video-preview:-1"},"canonical":"https:\/\/giterelaislacroixblanche.fr\/index.php\/tarifs-2025\/","og_locale":"fr_FR","og_type":"article","og_title":"Tarifs 2025 - G\u00eete Le Relais de la Croix Blanche","og_description":"Nos tarifs : **** P\u00e9riode creuse (octobre \u00e0 avril) : pour 1 nuit\u00e9e : 90,00 euros (minimum 2 nuits) \u2013 75,00 euros la 3\u00e8me nuit\u00e9e P\u00e9riode haute (mai\/juillet\/ao\u00fbt\/septembre) : pour 1 nuit\u00e9e : 110,00 euros (minimum 2 nuits) &#8211; 95,00 la 3\u00e8me nuit\u00e9e Ev\u00e8nements au mois de juin (autour du 6 et du 16 juin) [&hellip;]","og_url":"https:\/\/giterelaislacroixblanche.fr\/index.php\/tarifs-2025\/","og_site_name":"G\u00eete Le Relais de la Croix Blanche","article_modified_time":"2024-12-31T09:32:27+00:00","twitter_card":"summary_large_image","twitter_misc":{"Dur\u00e9e de lecture estim\u00e9e":"4 minutes"},"schema":{"@context":"https:\/\/schema.org","@graph":[{"@type":"WebPage","@id":"https:\/\/giterelaislacroixblanche.fr\/index.php\/tarifs-2025\/","url":"https:\/\/giterelaislacroixblanche.fr\/index.php\/tarifs-2025\/","name":"Tarifs 2025 - G\u00eete Le Relais de la Croix Blanche","isPartOf":{"@id":"https:\/\/giterelaislacroixblanche.fr\/#website"},"datePublished":"2023-06-21T08:42:31+00:00","dateModified":"2024-12-31T09:32:27+00:00","breadcrumb":{"@id":"https:\/\/giterelaislacroixblanche.fr\/index.php\/tarifs-2025\/#breadcrumb"},"inLanguage":"fr-FR","potentialAction":[{"@type":"ReadAction","target":["https:\/\/giterelaislacroixblanche.fr\/index.php\/tarifs-2025\/"]}]},{"@type":"BreadcrumbList","@id":"https:\/\/giterelaislacroixblanche.fr\/index.php\/tarifs-2025\/#breadcrumb","itemListElement":[{"@type":"ListItem","position":1,"name":"Accueil","item":"https:\/\/giterelaislacroixblanche.fr\/"},{"@type":"ListItem","position":2,"name":"Tarifs 2025"}]},{"@type":"WebSite","@id":"https:\/\/giterelaislacroixblanche.fr\/#website","url":"https:\/\/giterelaislacroixblanche.fr\/","name":"G\u00eete Le Relais de la Croix Blanche","description":"S\u00e9jours en Normandie","publisher":{"@id":"https:\/\/giterelaislacroixblanche.fr\/#\/schema\/person\/73707193046225926a13feedf8dcaed1"},"potentialAction":[{"@type":"SearchAction","target":{"@type":"EntryPoint","urlTemplate":"https:\/\/giterelaislacroixblanche.fr\/?s={search_term_string}"},"query-input":{"@type":"PropertyValueSpecification","valueRequired":true,"valueName":"search_term_string"}}],"inLanguage":"fr-FR"},{"@type":["Person","Organization"],"@id":"https:\/\/giterelaislacroixblanche.fr\/#\/schema\/person\/73707193046225926a13feedf8dcaed1","name":"admin3672","image":{"@type":"ImageObject","inLanguage":"fr-FR","@id":"https:\/\/giterelaislacroixblanche.fr\/#\/schema\/person\/image\/","url":"https:\/\/secure.gravatar.com\/avatar\/d31b16a8808e14da55e5e521be47f33b?s=96&d=mm&r=g","contentUrl":"https:\/\/secure.gravatar.com\/avatar\/d31b16a8808e14da55e5e521be47f33b?s=96&d=mm&r=g","caption":"admin3672"},"logo":{"@id":"https:\/\/giterelaislacroixblanche.fr\/#\/schema\/person\/image\/"},"sameAs":["http:\/\/giterelaislacroixblanche.fr"]}]}},"_links":{"self":[{"href":"https:\/\/giterelaislacroixblanche.fr\/index.php\/wp-json\/wp\/v2\/pages\/159","targetHints":{"allow":["GET"]}}],"collection":[{"href":"https:\/\/giterelaislacroixblanche.fr\/index.php\/wp-json\/wp\/v2\/pages"}],"about":[{"href":"https:\/\/giterelaislacroixblanche.fr\/index.php\/wp-json\/wp\/v2\/types\/page"}],"author":[{"embeddable":true,"href":"https:\/\/giterelaislacroixblanche.fr\/index.php\/wp-json\/wp\/v2\/users\/1"}],"replies":[{"embeddable":true,"href":"https:\/\/giterelaislacroixblanche.fr\/index.php\/wp-json\/wp\/v2\/comments?post=159"}],"version-history":[{"count":67,"href":"https:\/\/giterelaislacroixblanche.fr\/index.php\/wp-json\/wp\/v2\/pages\/159\/revisions"}],"predecessor-version":[{"id":554,"href":"https:\/\/giterelaislacroixblanche.fr\/index.php\/wp-json\/wp\/v2\/pages\/159\/revisions\/554"}],"wp:attachment":[{"href":"https:\/\/giterelaislacroixblanche.fr\/index.php\/wp-json\/wp\/v2\/media?parent=159"}],"curies":[{"name":"wp","href":"https:\/\/api.w.org\/{rel}","templated":true}]}}